{"id":9095,"date":"2025-10-27T12:24:48","date_gmt":"2025-10-27T11:24:48","guid":{"rendered":"https:\/\/ib-innerbody.be\/?post_type=product&#038;p=9095"},"modified":"2026-02-27T14:45:00","modified_gmt":"2026-02-27T13:45:00","slug":"balance-voordeelpakket","status":"publish","type":"product","link":"https:\/\/ib-innerbody.be\/fr\/produit\/balance-voordeelpakket\/","title":{"rendered":"Forfait BALANCE + Avantage"},"content":{"rendered":"<p style=\"font-weight: 400;\">Cela le rend parfait pour :<\/p>\n<ul style=\"font-weight: 400;\">\n<li>Femmes enceintes<\/li>\n<li>Personnes ayant subi une chirurgie de r\u00e9duction gastrique<\/li>\n<li>Les personnes souffrant de carences en vitamines<\/li>\n<li>Athl\u00e8tes et personnes actives<\/li>\n<li>Les personnes ayant un mode de vie charg\u00e9<\/li>\n<li>Toute personne souhaitant se sentir plus \u00e9nergique et \u00e9quilibr\u00e9e<\/li>\n<li>En bref <strong>BALANCE + est bon pour tout le monde<\/strong><\/li>\n<\/ul>\n<p style=\"font-weight: 400;\"><span style=\"font-size: 12pt;\"><em>Soutien quotidien pour l\u2019\u00e9nergie, la concentration et l\u2019hydratation. \ud83d\ude0c\ud83d\udca6\ud83d\udca8<\/em><\/span><br \/>\n<span style=\"font-size: 12pt;\"><em>Multivitamines, min\u00e9raux et \u00e9lectrolytes.<\/em><\/span><\/p>\n<p style=\"font-weight: 400;\">\ud83d\udca7 30 doses | 100% naturel |<\/p>\n<p>Mode d&#039;emploi :<br \/>\nM\u00e9langer 1 mesure avec 300 ml d&#039;eau.<\/p>\n<ul>\n<li>Go\u00fbt frais et agr\u00e9able de p\u00eache et de fruit de la passion \u2013 facile \u00e0 m\u00e9langer avec de l\u2019eau \ud83d\udca6<\/li>\n<\/ul>","protected":false},"excerpt":{"rendered":"<p style=\"font-weight: 400;\"><strong>\u00c9QUILIBRE +<\/strong><\/p>\n<p style=\"font-weight: 400;\">Votre compl\u00e9ment quotidien tout-en-un, con\u00e7u pour tous ceux qui souhaitent optimiser leur journ\u00e9e. Cette formule de haute qualit\u00e9 combine des ingr\u00e9dients essentiels <strong>vitamines et min\u00e9raux<\/strong> de <strong>\u00e9lectrolytes<\/strong> Pour un soutien optimal du corps et de l&#039;esprit. Que vous ayez une journ\u00e9e de travail charg\u00e9e, pratiquiez une activit\u00e9 physique r\u00e9guli\u00e8re ou souhaitiez simplement adopter un mode de vie sain, Balance+ vous aide \u00e0 maintenir votre \u00e9quilibre.<\/p>\n<p><em><span style=\"font-size: 12pt;\"><strong>Pourquoi les \u00e9lectrolytes ?<\/strong><\/span><br \/>\nEssentieel voor het reguleren van de vochtbalans, het ondersteunen van de spierfunctie en de overdracht van zenuwsignalen.<br \/>\nZo voorkom je uitdroging, spierkrampen, vermoeidheid en hoofdpijn, dit tijdens intensief sporten, warmte of herstel.<br \/>\nZe behouden de pH-waarden van het bloed stabiel en zorgen voor optimale orgaanfuncties.<\/em><\/p>\n<p><span style=\"font-size: 12pt;\"><strong><em><span style=\"font-family: Helvetica, sans-serif;\">Quand faut-il prendre des suppl\u00e9ments d&#039;\u00e9lectrolytes\u00a0?<br \/>\n<\/span><\/em><\/strong><em><span style=\"font-family: Helvetica, sans-serif;\">Aanvullen is nuttig bij hevig zweten (sporten, sauna, warm weer), na diarree\/braken of tijdens een keto &#8211; dieet.<\/span><\/em><em><span style=\"font-family: Helvetica, sans-serif;\"><br \/>\nLes carences peuvent entra\u00eener des sympt\u00f4mes tels que fatigue, crampes musculaires et vertiges.<\/span><\/em><\/span><\/p>\n<ul>\n<li><span style=\"font-size: 12pt;\"><em>Avantages des multivitamines, \u00e9lectrolytes et min\u00e9raux :<\/em><\/span>\n<ul>\n<li>Stimule <strong>collag\u00e8ne <\/strong>ce qui aide avec le <strong>r\u00e9duire<\/strong> par <strong>ridules<\/strong> et <strong>rides<\/strong>.<\/li>\n<li><strong>Production de collag\u00e8ne <\/strong>une peau, des cheveux et des ongles sains, des os solides, des gencives et des vaisseaux sanguins sains, une cicatrisation plus rapide des plaies.<\/li>\n<li><strong>Peau et cheveux<\/strong> : Contribue \u00e0 une peau saine, \u00e0 la production de <strong>k\u00e9ratine<\/strong> qui est une prot\u00e9ine essentielle pour nos cheveux et notre peau.<\/li>\n<li>En bonne sant\u00e9 <strong>m\u00e9tabolisme du fer,<\/strong> maintien de niveaux normaux de fer dans le sang et <strong>une meilleure absorption du fer provenant des aliments<\/strong>.<\/li>\n<li>Aide au bon fonctionnement de <strong>c\u0153ur, poumons<\/strong> et d&#039;autres organes.<\/li>\n<li><strong>Sant\u00e9 cellulaire,<\/strong> contribue \u00e0 la production de cellules de notre peau, de nos cheveux et de nos poumons.<\/li>\n<li>Essentiel pour la normale <strong>vue<\/strong>.<\/li>\n<li>Fonctions mentales : contribue <strong>m\u00e9moire et capacit\u00e9 contractile<\/strong>.<\/li>\n<li>Fonctionnement normal du<strong> syst\u00e8me nerveux<\/strong>.<\/li>\n<li>N\u00e9cessaire pour <strong>bonne digestion<\/strong> et l&#039;absorption des nutriments.<\/li>\n<li>Peut aider \u00e0 r\u00e9duire <strong>de fatigue<\/strong>.<\/li>\n<li><strong>Effet anti-inflammatoire<\/strong> ce qui peut \u00eatre b\u00e9n\u00e9fique pour l&#039;acn\u00e9.<\/li>\n<li><strong>Entretien des muqueuses <\/strong>dans le corps.<\/li>\n<li><strong>R\u00e9duit les taches pigmentaires : <\/strong>Peut-il aider \u00e0 pr\u00e9venir la formation de taches pigmentaires superficielles et de m\u00e9lasma ?<\/li>\n<li><strong>Performance mentale :<\/strong> contribue \u00e0 une r\u00e9sistance normale <strong>contre le stress<\/strong>.<\/li>\n<li><strong>Production d&#039;hormones :<\/strong> Joue un r\u00f4le dans la production et le m\u00e9tabolisme des hormones st\u00e9ro\u00efdes.<\/li>\n<li><strong>Grossesse <\/strong>et<strong> f\u00e9condit\u00e9<\/strong> La prise d\u2019acide folique avant et pendant la grossesse r\u00e9duit le risque de spina bifida ou d\u2019autres malformations cong\u00e9nitales.<\/li>\n<li><strong>Fertilit\u00e9 masculine<\/strong> : effet positif sur la quantit\u00e9<strong> spermatozo\u00efdes <\/strong>chez les hommes.<\/li>\n<li>Bon pour la production <strong>globules rouges<\/strong>.<\/li>\n<li><strong>Fonction musculaire : <\/strong>Maintien de la force musculaire. Essentiel \u00e0 la relaxation musculaire apr\u00e8s l&#039;effort.<\/li>\n<li><strong>Athl\u00e8tes:<\/strong> pr\u00e9venir les crampes et maintenir l&#039;\u00e9tat d&#039;hydratation.<\/li>\n<li><strong>Pression art\u00e9rielle et \u00e9quilibre hydrique sains<\/strong>.<\/li>\n<li><strong>Soutien de la thyro\u00efde<\/strong>.<\/li>\n<li><strong>Antioxydant : <\/strong>il prot\u00e8ge les cellules du corps <strong>contre les dommages<\/strong> de l&#039;ext\u00e9rieur.<\/li>\n<li>Important pour<strong> croissance et d\u00e9veloppement des enfants<\/strong>.<\/li>\n<li><strong>D\u00e9toxification du corps : <\/strong>s\u00e9paration<strong> de la bile dans le foie<\/strong>.<\/li>\n<\/ul>\n<p>&nbsp;<\/li>\n<\/ul>\n<p style=\"font-weight: 400;\">","protected":false},"featured_media":9309,"comment_status":"open","ping_status":"closed","template":"","meta":[],"product_brand":[],"product_cat":[141,145],"product_tag":[127],"class_list":{"0":"post-9095","1":"product","2":"type-product","3":"status-publish","4":"has-post-thumbnail","6":"product_cat-supplementen","7":"product_cat-voordeelpakket","8":"product_tag-bestsellers","10":"first","11":"instock","12":"taxable","13":"shipping-taxable","14":"purchasable","15":"product-type-simple"},"_links":{"self":[{"href":"https:\/\/ib-innerbody.be\/fr\/wp-json\/wp\/v2\/product\/9095","targetHints":{"allow":["GET"]}}],"collection":[{"href":"https:\/\/ib-innerbody.be\/fr\/wp-json\/wp\/v2\/product"}],"about":[{"href":"https:\/\/ib-innerbody.be\/fr\/wp-json\/wp\/v2\/types\/product"}],"replies":[{"embeddable":true,"href":"https:\/\/ib-innerbody.be\/fr\/wp-json\/wp\/v2\/comments?post=9095"}],"wp:featuredmedia":[{"embeddable":true,"href":"https:\/\/ib-innerbody.be\/fr\/wp-json\/wp\/v2\/media\/9309"}],"wp:attachment":[{"href":"https:\/\/ib-innerbody.be\/fr\/wp-json\/wp\/v2\/media?parent=9095"}],"wp:term":[{"taxonomy":"product_brand","embeddable":true,"href":"https:\/\/ib-innerbody.be\/fr\/wp-json\/wp\/v2\/product_brand?post=9095"},{"taxonomy":"product_cat","embeddable":true,"href":"https:\/\/ib-innerbody.be\/fr\/wp-json\/wp\/v2\/product_cat?post=9095"},{"taxonomy":"product_tag","embeddable":true,"href":"https:\/\/ib-innerbody.be\/fr\/wp-json\/wp\/v2\/product_tag?post=9095"}],"curies":[{"name":"wp","href":"https:\/\/api.w.org\/{rel}","templated":true}]}}